{"id":17,"date":"2021-02-18T17:53:53","date_gmt":"2021-02-18T17:53:53","guid":{"rendered":"https:\/\/wixli.net\/?page_id=17"},"modified":"2021-02-21T06:34:42","modified_gmt":"2021-02-21T06:34:42","slug":"ota-yhteytta","status":"publish","type":"page","link":"https:\/\/wixli.net\/?page_id=17","title":{"rendered":"Jari Holmberg"},"content":{"rendered":"\n<p>Hiekkatie 16 28400 Ulvila<br>jari.holmberg@luukku.com<br>040-1677505<\/p>\n\n\n\n<p>Yritt\u00e4j\u00e4n\u00e4 s\u00e4hk\u00f6urakointia ja asiantuntijapalveluita tarjoten<br>Ulvilan Urassa puheenjohtaja ja Ulvilan Ura Tuki Oy:n hallituksen pj.<br>Lasten suunnistus- ja hiihtokoulujen vet\u00e4j\u00e4n\u00e4 20 vuotta.<br>Satakunnan suunnistuksen hallituksessa.<\/p>\n\n\n\n<figure class=\"wp-block-image size-large is-resized\"><img loading=\"lazy\" decoding=\"async\" src=\"https:\/\/wixli.net\/wp-content\/uploads\/2021\/02\/Jari.jpg\" alt=\"Kes\u00e4inen py\u00f6r\u00e4lenkki Massilla\" class=\"wp-image-21\" width=\"576\" height=\"385\" srcset=\"https:\/\/wixli.net\/wp-content\/uploads\/2021\/02\/Jari.jpg 480w, https:\/\/wixli.net\/wp-content\/uploads\/2021\/02\/Jari-300x201.jpg 300w\" sizes=\"auto, (max-width: 576px) 100vw, 576px\" \/><figcaption>Liikunta ja luonto ovat l\u00e4hell\u00e4 syd\u00e4nt\u00e4<\/figcaption><\/figure>\n\n\n\n<p>Ulkoilu ja luonnossa liikkuminen kes\u00e4isin ja talvisin on hyv\u00e4 vastapaino ty\u00f6el\u00e4m\u00e4lle. Kuntoliikunta luonnossa saa ajatukset virtaamaan ja rentouttaa arjen keskell\u00e4.<\/p>\n\n\n\n<div class=\"wp-block-group\"><div class=\"wp-block-group__inner-container is-layout-flow wp-block-group-is-layout-flow\">\n<div class=\"wp-block-columns is-layout-flex wp-container-core-columns-is-layout-9d6595d7 wp-block-columns-is-layout-flex\">\n<div class=\"wp-block-column is-layout-flow wp-block-column-is-layout-flow\" style=\"flex-basis:100%\">\n<div class=\"wp-block-columns is-layout-flex wp-container-core-columns-is-layout-9d6595d7 wp-block-columns-is-layout-flex\">\n<div class=\"wp-block-column is-layout-flow wp-block-column-is-layout-flow\" style=\"flex-basis:100%\">\n<div class=\"wp-block-group\"><div class=\"wp-block-group__inner-container is-layout-flow wp-block-group-is-layout-flow\">\n<div class=\"wp-block-columns is-layout-flex wp-container-core-columns-is-layout-9d6595d7 wp-block-columns-is-layout-flex\">\n<div class=\"wp-block-column is-vertically-aligned-center is-layout-flow wp-block-column-is-layout-flow\" style=\"flex-basis:100%\">\n<p><strong>Vankka kokemus politiikasta ja talouden johtamisesta<\/strong><\/p>\n<\/div>\n<\/div>\n<\/div><\/div>\n<\/div>\n<\/div>\n<\/div>\n<\/div>\n<\/div><\/div>\n\n\n\n<div class=\"wp-block-columns is-layout-flex wp-container-core-columns-is-layout-9d6595d7 wp-block-columns-is-layout-flex\">\n<div class=\"wp-block-column is-layout-flow wp-block-column-is-layout-flow\" style=\"flex-basis:66.66%\">\n<figure class=\"wp-block-image size-large is-style-rounded\"><img loading=\"lazy\" decoding=\"async\" width=\"200\" height=\"284\" src=\"https:\/\/wixli.net\/wp-content\/uploads\/2021\/02\/Holmberg4584.jpg\" alt=\"\" class=\"wp-image-53\"\/><\/figure>\n<\/div>\n\n\n\n<div class=\"wp-block-column is-layout-flow wp-block-column-is-layout-flow\" style=\"flex-basis:33.33%\">\n<div class=\"wp-block-columns is-layout-flex wp-container-core-columns-is-layout-9d6595d7 wp-block-columns-is-layout-flex\">\n<div class=\"wp-block-column is-layout-flow wp-block-column-is-layout-flow\" style=\"flex-basis:100%\">\n<div class=\"wp-block-columns are-vertically-aligned-bottom is-layout-flex wp-container-core-columns-is-layout-9d6595d7 wp-block-columns-is-layout-flex\">\n<div class=\"wp-block-column is-vertically-aligned-bottom is-layout-flow wp-block-column-is-layout-flow\" style=\"flex-basis:100%\">\n<ul id=\"block-beefca96-c116-4600-b906-6d9a0de9ee1c\" class=\"has-black-color has-text-color wp-block-list\"><li>kunnanvaltuutettu<br>kaksi kautta<br>2013 &#8211; 2021<\/li><li>ymp\u00e4rist\u00f6lautakunta<br>puheenjohtaja 13-17<\/li><li>tarkastuslautakunta<br>puheenjohtaja 17-21<\/li><\/ul>\n<\/div>\n<\/div>\n<\/div>\n<\/div>\n<\/div>\n<\/div>\n","protected":false},"excerpt":{"rendered":"<p>Hiekkatie 16 28400 Ulvilajari.holmberg@luukku.com040-1677505 Yritt\u00e4j\u00e4n\u00e4 s\u00e4hk\u00f6urakointia ja asiantuntijapalveluita tarjotenUlvilan Urassa puheenjohtaja ja Ulvilan Ura Tuki Oy:n hallituksen pj.Lasten suunnistus- ja hiihtokoulujen vet\u00e4j\u00e4n\u00e4 20 vuotta.Satakunnan suunnistuksen hallituksessa. Ulkoilu ja luonnossa liikkuminen kes\u00e4isin ja talvisin on hyv\u00e4 vastapaino ty\u00f6el\u00e4m\u00e4lle. Kuntoliikunta luonnossa saa ajatukset virtaamaan ja rentouttaa arjen keskell\u00e4. Vankka kokemus politiikasta ja [&hellip;]<\/p>\n","protected":false},"author":1,"featured_media":0,"parent":0,"menu_order":0,"comment_status":"closed","ping_status":"closed","template":"","meta":{"footnotes":""},"class_list":["post-17","page","type-page","status-publish","hentry"],"_links":{"self":[{"href":"https:\/\/wixli.net\/index.php?rest_route=\/wp\/v2\/pages\/17","targetHints":{"allow":["GET"]}}],"collection":[{"href":"https:\/\/wixli.net\/index.php?rest_route=\/wp\/v2\/pages"}],"about":[{"href":"https:\/\/wixli.net\/index.php?rest_route=\/wp\/v2\/types\/page"}],"author":[{"embeddable":true,"href":"https:\/\/wixli.net\/index.php?rest_route=\/wp\/v2\/users\/1"}],"replies":[{"embeddable":true,"href":"https:\/\/wixli.net\/index.php?rest_route=%2Fwp%2Fv2%2Fcomments&post=17"}],"version-history":[{"count":9,"href":"https:\/\/wixli.net\/index.php?rest_route=\/wp\/v2\/pages\/17\/revisions"}],"predecessor-version":[{"id":75,"href":"https:\/\/wixli.net\/index.php?rest_route=\/wp\/v2\/pages\/17\/revisions\/75"}],"wp:attachment":[{"href":"https:\/\/wixli.net\/index.php?rest_route=%2Fwp%2Fv2%2Fmedia&parent=17"}],"curies":[{"name":"wp","href":"https:\/\/api.w.org\/{rel}","templated":true}]}}