{"id":37,"date":"2021-02-18T18:33:18","date_gmt":"2021-02-18T18:33:18","guid":{"rendered":"https:\/\/wixli.net\/?page_id=37"},"modified":"2021-02-21T07:10:43","modified_gmt":"2021-02-21T07:10:43","slug":"kuntavaali-ajatuksia","status":"publish","type":"page","link":"https:\/\/wixli.net\/?page_id=37","title":{"rendered":"Kuntavaali ajatuksia"},"content":{"rendered":"\n<p>Ulvilalaisten hyvinvointi on politiikassa etusijalla. Kaikkien on saatava palveluita tasapuolisesti. <br>Erityisesti heikommassa asemassa oleville palvelut on oltava kohtuudella saatavissa. Esim. lasten p\u00e4iv\u00e4hoito ja alaluokkien koulumatkat on oltava kohtuulliset. <br>Taas ik\u00e4ihmisten terveydenhoito, kauppa ja muu pakollinen liikkuminen on mietitt\u00e4v\u00e4 kohderyhmien saataville.<\/p>\n\n\n\n<p>Itse\u00e4ni l\u00e4hell\u00e4 olevat asiat, kuten hyvinvointi ja liikuntapalvelut on minusta teht\u00e4v\u00e4 kaikkien kuntalaisten saataville. Esim. hyv\u00e4t k\u00e4vely ja py\u00f6r\u00e4tiet tukevat ihmisten omaehtoista liikkumista ja parantavat terveytt\u00e4.<\/p>\n\n\n\n<p>Nuorten syrj\u00e4ytyminen ja putoaminen yhteiskunnan ulkopuolelle on suuri ongelma. Ty\u00f6llist\u00e4mis- ja koulutuspalveluilla on tavoiteltava jokaisen tukemista el\u00e4m\u00e4ss\u00e4 eteenp\u00e4in viev\u00e4lle tielle.<\/p>\n\n\n\n<p>Kuntatalouden tasapaino ja palvelujen tuottamisessa on haettava tasapaino. Keskityt\u00e4\u00e4n niihin vapaaehtoisiin palveluihin, mille on kysynt\u00e4\u00e4 ja tuotetaan niit\u00e4 tehokkaasti. My\u00f6s yli kuntarajojen tapahtuvaa yhteisty\u00f6t\u00e4 pit\u00e4isi kehitt\u00e4\u00e4.<\/p>\n\n\n\n<div class=\"wp-block-columns is-layout-flex wp-container-core-columns-is-layout-9d6595d7 wp-block-columns-is-layout-flex\">\n<div class=\"wp-block-column is-layout-flow wp-block-column-is-layout-flow\">\n<figure class=\"wp-block-image size-large\"><img loading=\"lazy\" decoding=\"async\" width=\"360\" height=\"337\" src=\"https:\/\/wixli.net\/wp-content\/uploads\/2021\/02\/Keskusta-pysty-e1613891056846.jpg\" alt=\"\" class=\"wp-image-79\"\/><\/figure>\n<\/div>\n\n\n\n<div class=\"wp-block-column is-layout-flow wp-block-column-is-layout-flow\">\n<p><strong>\u00c4\u00e4nest\u00e4:<\/strong><\/p>\n\n\n\n<ul class=\"wp-block-list\"><li>Ulvilalaisten hyvinvointia<\/li><li>lasten ja nuorten tulevaisuutta<\/li><li>kuntatalouden tasapainoa ja kunnallisveron maltillisuutta<\/li><li>jokaisen asuintapa valintojen kunnioittamista ja tukemista<\/li><li>Ulvilan elinvoiman ja v\u00e4kiluvun hallintaa<\/li><\/ul>\n<\/div>\n<\/div>\n","protected":false},"excerpt":{"rendered":"<p>Ulvilalaisten hyvinvointi on politiikassa etusijalla. Kaikkien on saatava palveluita tasapuolisesti. Erityisesti heikommassa asemassa oleville palvelut on oltava kohtuudella saatavissa. Esim. lasten p\u00e4iv\u00e4hoito ja alaluokkien koulumatkat on oltava kohtuulliset. Taas ik\u00e4ihmisten terveydenhoito, kauppa ja muu pakollinen liikkuminen on mietitt\u00e4v\u00e4 kohderyhmien saataville. Itse\u00e4ni l\u00e4hell\u00e4 olevat asiat, kuten hyvinvointi ja liikuntapalvelut on minusta [&hellip;]<\/p>\n","protected":false},"author":1,"featured_media":0,"parent":0,"menu_order":0,"comment_status":"closed","ping_status":"closed","template":"","meta":{"footnotes":""},"class_list":["post-37","page","type-page","status-publish","hentry"],"_links":{"self":[{"href":"https:\/\/wixli.net\/index.php?rest_route=\/wp\/v2\/pages\/37","targetHints":{"allow":["GET"]}}],"collection":[{"href":"https:\/\/wixli.net\/index.php?rest_route=\/wp\/v2\/pages"}],"about":[{"href":"https:\/\/wixli.net\/index.php?rest_route=\/wp\/v2\/types\/page"}],"author":[{"embeddable":true,"href":"https:\/\/wixli.net\/index.php?rest_route=\/wp\/v2\/users\/1"}],"replies":[{"embeddable":true,"href":"https:\/\/wixli.net\/index.php?rest_route=%2Fwp%2Fv2%2Fcomments&post=37"}],"version-history":[{"count":3,"href":"https:\/\/wixli.net\/index.php?rest_route=\/wp\/v2\/pages\/37\/revisions"}],"predecessor-version":[{"id":81,"href":"https:\/\/wixli.net\/index.php?rest_route=\/wp\/v2\/pages\/37\/revisions\/81"}],"wp:attachment":[{"href":"https:\/\/wixli.net\/index.php?rest_route=%2Fwp%2Fv2%2Fmedia&parent=37"}],"curies":[{"name":"wp","href":"https:\/\/api.w.org\/{rel}","templated":true}]}}